{"id":8464,"date":"2025-05-22T19:05:11","date_gmt":"2025-05-22T17:05:11","guid":{"rendered":"https:\/\/academy.comboxing.com\/?page_id=8464"},"modified":"2025-05-22T19:08:32","modified_gmt":"2025-05-22T17:08:32","slug":"terminos-y-condiciones","status":"publish","type":"page","link":"https:\/\/academy.comboxing.com\/en\/terminos-y-condiciones\/","title":{"rendered":"T\u00c9RMINOS Y CONDICIONES"},"content":{"rendered":"<div data-elementor-type=\"wp-page\" data-elementor-id=\"8464\" class=\"elementor elementor-8464\">\n\t\t\t\t\t\t<section class=\"elementor-section elementor-top-section elementor-element elementor-element-d03f38f elementor-section-boxed elementor-section-height-default elementor-section-height-default\" data-id=\"d03f38f\" data-element_type=\"section\" data-e-type=\"section\">\n\t\t\t\t\t\t<div class=\"elementor-container elementor-column-gap-default\">\n\t\t\t\t\t<div class=\"elementor-column elementor-col-100 elementor-top-column elementor-element elementor-element-b814448\" data-id=\"b814448\" data-element_type=\"column\" data-e-type=\"column\">\n\t\t\t<div class=\"elementor-widget-wrap elementor-element-populated\">\n\t\t\t\t\t\t<div class=\"elementor-element elementor-element-45cba02 elementor-widget elementor-widget-text-editor\" data-id=\"45cba02\" data-element_type=\"widget\" data-e-type=\"widget\" data-widget_type=\"text-editor.default\">\n\t\t\t\t<div class=\"elementor-widget-container\">\n\t\t\t\t\t\t\t\t\t<h3><strong>CONDICIONES GENERALES DE CONTRATACI\u00d3N<\/strong><\/h3><p><strong>Introducci\u00f3n<\/strong><\/p><p>Este documento contractual regir\u00e1 las Condiciones Generales de contrataci\u00f3n del curso de formaci\u00f3n para instructores y Afiliaci\u00f3n Comboxing (en adelante, \u00abCondiciones\u00bb) a trav\u00e9s del sitio web <a href=\"http:\/\/www.comboxing.com\">www.comboxing.com<\/a>, propiedad de \u00c0MBIT ESPORT, SLU bajo la marca comercial de COMBOXING, en adelante, PRESTADOR, cuyos datos de contacto figuran tambi\u00e9n en el Aviso Legal de esta Web.<\/p><p>Estas Condiciones permanecer\u00e1n publicadas en el sitio web a disposici\u00f3n del USUARIO para reproducirlas y guardarlas como confirmaci\u00f3n del contrato, pudiendo ser modificadas en cualquier momento por el PRESTADOR. Es responsabilidad del USUARIO leerlas peri\u00f3dicamente, ya que resultar\u00e1n aplicables aquellas que se encuentren vigentes en el momento de realizaci\u00f3n de pedidos.<\/p><p>Los contratos no estar\u00e1n sujetos a formalidad alguna con excepci\u00f3n de los supuestos expresamente se\u00f1alados en los C\u00f3digos Civil y de Comercio y en esta o en otras leyes especiales.<\/p><p>La aceptaci\u00f3n de este documento conlleva que el USUARIO:<\/p><ul><li>Ha le\u00eddo, entiende y comprende lo aqu\u00ed expuesto.<\/li><li>Es una persona con capacidad suficiente para contratar.<\/li><li>Asume todas las obligaciones aqu\u00ed dispuestas.<\/li><\/ul><p>Estas condiciones tendr\u00e1n un per\u00edodo de validez indefinido y ser\u00e1n aplicables a todas las contrataciones realizadas a trav\u00e9s del sitio web del PRESTADOR.<\/p><p>El PRESTADOR informa de que el comercio es responsable y conoce la legislaci\u00f3n vigente, y se reserva el derecho de modificar unilateralmente las condiciones, sin que ello pueda afectar a los t\u00e9rminos y condiciones que fueron implementados previamente a la modificaci\u00f3n.<\/p><p><strong>Identidad de las partes contratantes<\/strong><\/p><p>Por un lado, el PRESTADOR del curso de formaci\u00f3n para instructores COMBOXING contratados por el USUARIO es \u00c0MBIT ESPORT, SLU, con domicilio social en Carrer de Catalunya, 19 &#8211; 2D AD200 Encamp, Principat d&#8217;Andorra, NRT L718610C y con tel\u00e9fono de atenci\u00f3n al cliente\/USUARIO +34 638430237 o +376 345979<\/p><p>Y de otro, el USUARIO, registrado en el sitio web mediante un nombre de usuario y contrase\u00f1a, sobre los que tiene responsabilidad plena de uso y custodia, y es responsable de la veracidad de los datos personales facilitados al PRESTADOR.<\/p><p><strong>Objeto del contrato<\/strong><\/p><p>El presente contrato tiene por objeto regular la relaci\u00f3n contractual de compraventa nacida entre el PRESTADOR y el USUARIO en el momento en que este acepta durante el proceso de contrataci\u00f3n en l\u00ednea la casilla correspondiente.<\/p><p>La relaci\u00f3n contractual de compraventa conlleva la entrega, a cambio de un precio determinado y p\u00fablicamente expuesto a trav\u00e9s del sitio web, de un curso de formaci\u00f3n concreto.<\/p><p><strong>Propiedad intelectual<\/strong><\/p><p>No se permite al USUARIO de ninguna manera transferir, cambiar e intercambiar los derechos de licencia y las obligaciones que inciden en este contrato, salvo que la forma y el contenido pueda ser alterado bajo la condici\u00f3n de que los cambios sean preacordados y por escrito desde el PRESTADOR. Sin embargo, se excluye expresamente en el presente contrato -o condiciones generales de venta- toda transferencia de propiedad desde el PRESTADOR hacia el USUARIO.<\/p><p><strong>Procedimiento de contrataci\u00f3n<\/strong><\/p><p>El USUARIO, para poder acceder a los servicios que ofrece el PRESTADOR, deber\u00e1 ser mayor de 16 a\u00f1os y deber\u00e1 proporcionar de manera libre y voluntaria los datos personales que se le requerir\u00e1n, los cuales se tratar\u00e1n de conformidad con lo dispuesto en la Llei 29\/2021 Qualificada de Protecci\u00f3 de Dades detallada en el Aviso legal y en la Pol\u00edtica de privacidad de este sitio web.<\/p><p>El procedimiento de contrataci\u00f3n seguir\u00e1 los siguientes pasos:<\/p><ol><li>Cl\u00e1usulas generales de contrataci\u00f3n.<\/li><li>Activaci\u00f3n de servicios.<\/li><li>Derecho de desistimiento.<\/li><li>Reclamaciones y resoluci\u00f3n de litigios en l\u00ednea.<\/li><li>Fuerza mayor.<\/li><li>Competencia.<\/li><li>Generalidades de la oferta.<\/li><li>Precio y plazo de validez de la oferta.<\/li><li>Formas de pago, cargos y descuentos.<\/li><li>Proceso de compra.<\/li><li>Disociaci\u00f3n y suspensi\u00f3n o rescisi\u00f3n del contrato.<\/li><li>Ley aplicable y jurisdicci\u00f3n.<\/li><li><strong> CL\u00c1USULAS GENERALES DE CONTRATACI\u00d3N<\/strong><\/li><\/ol><p>Salvo estipulaci\u00f3n particular por escrito, la realizaci\u00f3n de un pedido al PRESTADOR supondr\u00e1 la aceptaci\u00f3n por parte del USUARIO de estas condiciones legales. Ninguna estipulaci\u00f3n hecha por el USUARIO podr\u00e1 diferir de las del PRESTADOR si no ha sido expresamente aceptada por adelantado y por escrito por el PRESTADOR.<\/p><ol start=\"2\"><li><strong> ACTIVACI\u00d3N DE SERVICIOS<\/strong><\/li><\/ol><p>El PRESTADOR no activar\u00e1 ning\u00fan servicio hasta que haya comprobado que se ha realizado el pago.<\/p><p>Como el pedido no conlleva la entrega f\u00edsica de ning\u00fan producto, siendo los servicios contratados descargados o activados directamente del sitio Web, el PRESTADOR informar\u00e1 previamente al USUARIO respecto al procedimiento que debe seguir para realizar esta descarga o activaci\u00f3n.<\/p><p>El USUARIO seleccionar\u00e1 un nombre de usuario y una contrase\u00f1a, comprometi\u00e9ndose a hacer un uso diligente de los mismos y a no ponerlos a disposici\u00f3n de terceros, as\u00ed como a comunicar al PRESTADOR la p\u00e9rdida o robo de los mismos o el posible acceso por un tercero no autorizado, de manera que este proceda al bloqueo inmediato.<\/p><p><strong>Falta de ejecuci\u00f3n del contrato a distancia<\/strong><\/p><p>En el caso de la prestaci\u00f3n de un curso de formaci\u00f3n online, este estar\u00e1 disponible desde el mismo momento en que el USUARIO haya efectuado el pago del mismo y podr\u00e1 ser descargado o activado seg\u00fan las condiciones del PRESTADOR.<\/p><p>En caso de no poder ejecutar el contrato porque el servicio contratado no est\u00e9 disponible en el plazo previsto, se informar\u00e1 al USUARIO de la falta de disponibilidad y de que quedar\u00e1 legitimado para cancelar el pedido y recibir la devoluci\u00f3n del importe total pagado sin ning\u00fan coste, y sin que por ello se derive ninguna responsabilidad por da\u00f1os y perjuicios imputable al PRESTADOR.<\/p><p>En caso de retraso injustificado por parte del PRESTADOR respecto a la devoluci\u00f3n del importe total, el USUARIO podr\u00e1 reclamar que se le pague el doble del importe adeudado, sin perjuicio a su derecho de ser indemnizado por los da\u00f1os y perjuicios sufridos en lo que excedan de dicha cantidad.<\/p><p>El PRESTADOR no asumir\u00e1 ninguna responsabilidad cuando la descarga o activaci\u00f3n del curso no llegue a realizarse, por ser los datos facilitados por el USUARIO falsos, inexactos o incompletos.<\/p><p>La prestaci\u00f3n del servicio se considerar\u00e1 realizada en el momento en que el USUARIO haya descargado o activado el curso de formaci\u00f3n.<\/p><ol start=\"3\"><li><strong> DERECHO DE DESISTIMIENTO<br \/><br \/><\/strong><\/li><li><strong> RECLAMACIONES<\/strong><\/li><\/ol><p>Cualquier reclamaci\u00f3n que el USUARIO considere oportuna ser\u00e1 atendida a la mayor brevedad posible, pudi\u00e9ndose realizar en las siguientes direcciones de contacto: <a href=\"mailto:ambitesport@gmail.com\">ambitesport@gmail.com<\/a> or <a href=\"mailto:comboxing@gmail.com\">comboxing@gmail.com<\/a><\/p><ol start=\"5\"><li><strong> FUERZA MAYOR<\/strong><\/li><\/ol><p>Las partes no incurrir\u00e1n en responsabilidad ante cualquier falta debida a causa mayor. El cumplimiento de la obligaci\u00f3n se demorar\u00e1 hasta el cese del caso de fuerza mayor.<\/p><ol start=\"6\"><li><strong> COMPETENCIA<\/strong><\/li><\/ol><p>El USUARIO no podr\u00e1 ceder, transferir o transmitir los derechos, responsabilidades y obligaciones contratados en la venta.<\/p><p>Si alguna estipulaci\u00f3n de estas condiciones fuera considerada nula o de imposible cumplimiento, la validez, legalidad y cumplimiento del resto no se ver\u00e1n afectados de ninguna manera, ni sufrir\u00e1n modificaci\u00f3n de ning\u00fan modo.<\/p><p>El USUARIO declara haber le\u00eddo, conocer y aceptar las presentes Condiciones en toda su extensi\u00f3n.<\/p><ol start=\"7\"><li><strong> GENERALIDADES DE LA OFERTA<\/strong><\/li><\/ol><p>Todas las ventas efectuadas por el PRESTADOR se entender\u00e1n sometidas a las presentes Condiciones.<\/p><p>Ninguna modificaci\u00f3n, alteraci\u00f3n o pacto contrario a la Propuesta Comercial de \u00c0MBIT ESPORT, SLU o a lo aqu\u00ed estipulado, tendr\u00e1 efecto, salvo pacto expreso por escrito firmado por el PRESTADOR, en este caso, estos pactos particulares prevalecer\u00e1n.<\/p><p>Dados los continuos avances t\u00e9cnicos y mejoras de los servicios, el PRESTADOR se reserva la facultad de modificar sus especificaciones respecto de la informaci\u00f3n facilitada en su publicidad, hasta que no afecte el valor de los servicios ofrecidos. Estas modificaciones tendr\u00e1n asimismo validez en caso de que, por cualquier causa, se viera afectada la posibilidad de suministro de los servicios ofrecidos.<\/p><p><strong>Continuidad, consistencia y calidad del servicio<\/strong><\/p><p>El PRESTADOR acepta expresamente proporcionar todos sus recursos en la entrega, disponibilidad y en la prestaci\u00f3n de servicios en general y en este documento, se compromete a cumplir con su obligaci\u00f3n como proveedor de servicios en la medida de sus posibilidades.<\/p><p>El PRESTADOR se compromete a actuar con la mayor diligencia y atenci\u00f3n como sea posible y proceder para suministrar un servicio de calidad en conformidad con las pr\u00e1cticas generalmente reconocidas: excepto en el hipot\u00e9tico caso de que se suspenda el curso de formaci\u00f3n, en virtud de instrucciones especiales exigidas.<\/p><p>En consecuencia, el PRESTADOR estar\u00e1 contractualmente obligado a ofrecer el acceso (24\/24 horas) y semanalmente (7\/7 d\u00edas), y condicionada a ser capaz de garantizar sus servicios dadas las condiciones de suministro (subsiguiente rendimiento de la red).<\/p><p>El PRESTADOR se reserva el derecho a interrumpir el curso de formaci\u00f3n a trav\u00e9s de su servidor, con el fin de llevar a cabo el mantenimiento esencial, para mejorar el rendimiento de la red, o por cualquier otra raz\u00f3n operacional en relaci\u00f3n con el mantenimiento.<\/p><p>El PRESTADOR, sin afectar a cualquiera de sus derechos y responsabilidades, informar\u00e1 al USUARIO, dentro de un espacio de tiempo razonable, de la fecha en la que se propone llevar a cabo el mantenimiento.<\/p><p>El USUARIO reconoce que la formaci\u00f3n puede no estar disponible en caso de que el mismo no pueda o sea incapaz de acceder a Internet o a este sitio web. El PRESTADOR no ser\u00e1 responsable por la incapacidad del USUARIO para acceder a la formaci\u00f3n, bajo estas circunstancias.<\/p><p>En particular, es el USUARIO quien debe mantener su propia protecci\u00f3n contra virus, as\u00ed como la versi\u00f3n de su navegador actualizada. El PRESTADOR no ser\u00e1 responsable de ning\u00fan virus transmitido a trav\u00e9s de su sitio web.<\/p><p>Del mismo modo, el PRESTADOR se exime de cualquier responsabilidad por el acceso no autorizado a los sistemas inform\u00e1ticos, o por el saqueo de cualquier dato como resultado del mismo. Sin embargo, el PRESTADOR aplica los medios apropiados para prevenir las intrusiones ilegales. El PRESTADOR no ser\u00e1 en ning\u00fan caso responsable de los da\u00f1os y perjuicios relacionados con \u00e9l, tal como p\u00e9rdida de explotaci\u00f3n, p\u00e9rdida de beneficio, p\u00e9rdida de valor, da\u00f1os o gastos.<\/p><p>El PRESTADOR se compromete a ejercer con la debida diligencia y cuidado su oferta, suministrando un servicio de calidad, de conformidad con las pr\u00e1cticas normales del \u00e1mbito, sujetas a la interrupci\u00f3n de los servicios solicitados expl\u00edcitamente a petici\u00f3n de las autoridades administrativas.<\/p><p>Las Partes acuerdan que el PRESTADOR tiene el derecho de modificar los servicios sin previo aviso.<\/p><p><strong>Servicios posventa<\/strong><\/p><p>El PRESTADOR se compromete a proporcionar al USUARIO la ayuda necesaria en lo que respecta a la formaci\u00f3n adquirida. El cliente puede contactar con el PRESTADOR para cualquier petici\u00f3n relacionada con la formaci\u00f3n en: <a href=\"mailto:ambitesport@gmail.com\">ambitesport@gmail.com<\/a> or <a href=\"mailto:comboxing@gmail.com\">comboxing@gmail.com<\/a><\/p><p><strong>Obligaciones y responsabilidad del cliente<\/strong><\/p><p>El USUARIO acepta expresamente haber verificado la compatibilidad entre su demanda y la oferta de servicios y reconoce plenamente la recepci\u00f3n de toda la informaci\u00f3n y el asesoramiento necesarios desde el PRESTADOR, para que el presente acuerdo pueda entrar en vigor con el conocimiento y certeza vinculante.<\/p><p>Las partes pertinentes al contrato tambi\u00e9n reconocen que el PRESTADOR tiene la capacidad de modificar con total transparencia la prestaci\u00f3n del servicio sin necesidad de realizar ning\u00fan tr\u00e1mite de comunicaci\u00f3n previa, que no sea para informar al USUARIO de que el nivel de prestaci\u00f3n de servicios ya suministrados, va a ser ajustado.<\/p><p>El USUARIO reconoce estar informado de las disposiciones de los reglamentos relativos a la seguridad (protecci\u00f3n o seguridad f\u00edsica) y la seguridad operacional. El USUARIO ser\u00e1 el \u00fanico responsable de las consecuencias del incumplimiento de estas normas y estos T\u00e9rminos.<\/p><ol start=\"8\"><li><strong> PRECIO Y PLAZO DE VALIDEZ DE LA OFERTA<\/strong><\/li><\/ol><p>Los precios que se indican respecto de cada servicio incluyen el Impuesto sobre el Impuesto General Indirecto (IGI) u otros impuestos que pudieran ser aplicables. Estos precios, a menos que se indique expresamente lo contrario, no incluyen los gastos de otros servicios adicionales y anexos al servicio adquirido.<\/p><p>Los precios aplicables a cada servicio son los publicados en el sitio web y se expresar\u00e1n en la moneda EURO. El USUARIO asume que la valoraci\u00f3n econ\u00f3mica de algunos de los servicios podr\u00e1 variar en tiempo real.<\/p><p>Antes de realizar la compra podr\u00e1 comprobar en l\u00ednea todos los detalles del presupuesto: cursos de formaci\u00f3n, cantidades, precio, disponibilidad, cargos, descuentos, impuestos y el total de la compra. Los precios pueden cambiar diariamente mientras no se realice el pedido.<\/p><p>Una vez realizado el pedido, los precios se mantendr\u00e1n tanto si hay disponibilidad del servicio como si no.<\/p><p>Todo pago realizado al PRESTADOR conlleva la emisi\u00f3n de una factura a nombre del USUARIO registrado o de la raz\u00f3n social que este haya informado en el momento de realizar el pedido. Se podr\u00e1 descargar la factura en formato PDF accediendo al panel de gesti\u00f3n de la web con la cuenta de usuario. En caso de querer recibirla mediante correo electr\u00f3nico, deber\u00e1 solicitarlo por cualquiera de los medios que el PRESTADOR pone a su disposici\u00f3n, inform\u00e1ndole de que en cualquier momento podr\u00e1 revocar dicha decisi\u00f3n.<\/p><ol start=\"9\"><li><strong> FORMAS DE PAGO, CARGOS Y DESCUENTOS<\/strong><\/li><\/ol><p>El PRESTADOR es el responsable de las transacciones econ\u00f3micas y posibilita las siguientes formas para efectuar el pago de un pedido:<\/p><ul><li>Tarjeta de cr\u00e9dito<\/li><li>Pay Pal<\/li><\/ul><p><strong>Medidas de seguridad<\/strong><\/p><p>El sitio web utiliza t\u00e9cnicas de seguridad de la informaci\u00f3n generalmente aceptadas en la industria, tales como SSL, datos introducidos en p\u00e1gina segura, firewalls, procedimientos de control de acceso y mecanismos criptogr\u00e1ficos, todo ello con el objeto de evitar el acceso no autorizado a los datos. Para lograr estos fines, el usuario\/cliente acepta que el prestador obtenga datos para efecto de la correspondiente autenticaci\u00f3n de los controles de acceso.<\/p><p>El PRESTADOR se compromete a no permitir ninguna transacci\u00f3n que sea o sea considerada ilegal por las marcas de tarjetas de cr\u00e9dito o el banco adquiriente, que pueda o tenga el potencial de da\u00f1ar la buena voluntad de los mismos o influir de manera negativa en ellos.<\/p><p>Las siguientes actividades est\u00e1n prohibidas en virtud de los programas de las marcas de tarjetas: la venta u oferta de un producto o servicio que no cumpla con todas las leyes aplicables al Comprador, Banco Emisor, Comerciante o Titular de la tarjeta o tarjetas.<\/p><ol start=\"10\"><li><strong> PROCESO DE COMPRA<\/strong><\/li><\/ol><p><strong>Cesta (simulaci\u00f3n de presupuesto)<\/strong><\/p><p>Cualquier curso de formaci\u00f3n del cat\u00e1logo se puede a\u00f1adir a la cesta. En esta, solo se observar\u00e1n los servicios seleccionados, la cantidad, el precio y el importe total. Una vez guardada la cesta se proceder\u00e1 a calcular los impuestos, cargos y descuentos seg\u00fan los datos introducidos.<\/p><p>Las cestas no tienen ninguna vinculaci\u00f3n administrativa, solo es un apartado donde se puede simular un presupuesto sin ning\u00fan compromiso por ambas partes.<\/p><p>Desde la cesta se puede hacer un pedido siguiendo los pasos siguientes para su correcta formalizaci\u00f3n:<\/p><ol><li>&#8211; Comprobaci\u00f3n de los datos de facturaci\u00f3n.<\/li><li>&#8211; Comprobaci\u00f3n del m\u00e9todo de prestaci\u00f3n del curso de formaci\u00f3n (descarga, activaci\u00f3n&#8230;).<\/li><li>&#8211; Selecci\u00f3n de la forma de pago.<\/li><li>&#8211; Realizar el pedido (comprar).<\/li><\/ol><p>Una vez procesado el pedido, el sistema env\u00eda instant\u00e1neamente un correo electr\u00f3nico al departamento de gesti\u00f3n del PRESTADOR y otro al correo del USUARIO confirmando la realizaci\u00f3n del pedido.<\/p><p>En caso de controversias relativas a la naturaleza de los servicios del PRESTADOR o al uso del USUARIO del sitio web, la informaci\u00f3n guardada en el dispositivo de pago electr\u00f3nico y en el marco de la recolecci\u00f3n autom\u00e1tica de informaci\u00f3n por el PRESTADOR, podr\u00eda utilizarse como evidencia entre ambas partes.<\/p><p><strong>Procedimiento de activaci\u00f3n del servicio (acceso a la formaci\u00f3n y afiliaci\u00f3n)<\/strong><\/p><p>El USUARIO recibir\u00e1 sus datos de acceso (nombre de usuario\/contrase\u00f1a). El acceso a la formaci\u00f3n en l\u00ednea, otorgado por el PRESTADOR, es estrictamente privado. La transmisi\u00f3n de los datos de acceso (nombre de usuario\/contrase\u00f1a) a un tercero est\u00e1 estrictamente prohibida. El USUARIO acepta no dar, bajo ninguna circunstancia, ya sea de forma gratuita o por una tarifa, el acceso a terceros cualquiera que sea la forma.<\/p><p>El USUARIO acepta seguir la capacitaci\u00f3n con diligencia. Como parte de la evaluaci\u00f3n, con el fin de completar la formaci\u00f3n, el USUARIO acepta expresamente no beneficiarse de ninguna ayuda o asistencia de cualquier otra persona. Del mismo modo, el PRESTADOR pide a cada USUARIO que se comprometa a este hecho antes de cada tarea.<\/p><p><strong>Validaci\u00f3n de la formaci\u00f3n<\/strong><\/p><p>La formaci\u00f3n se valida cuando el ALUMNO ha superado todas las evaluaciones que se le presentan en el desarrollo del curso. En este caso, se enviar\u00e1 al USUARIO un diploma de validaci\u00f3n de los conocimientos adquiridos.<\/p><ol start=\"11\"><li><strong> DISOCIACI\u00d3N Y SUSPENSI\u00d3N O RESCISI\u00d3N DEL CONTRATO<\/strong><\/li><\/ol><p>Si cualquiera de estos t\u00e9rminos y condiciones se considerara ilegal, nula o por cualquier raz\u00f3n inaplicable, esta condici\u00f3n se considerar\u00e1 separable y no afectar\u00e1 la validez y aplicabilidad de ninguna de las condiciones restantes.<\/p><p>El PRESTADOR podr\u00e1, sin previo aviso, suspender o terminar el acceso del USUARIO a sus servicios y a la formaci\u00f3n, en su totalidad o en parte, por cualquier raz\u00f3n v\u00e1lida, incluyendo, sin limitaciones, cuando el USUARIO no cumpla o siga cualquiera de las obligaciones establecidas en este documento o cualquier disposici\u00f3n legal, licencia, reglamento, directiva, c\u00f3digo de pr\u00e1cticas o pol\u00edticas de uso aplicables.<\/p><p>Cuando El PRESTADOR ejerza cualquiera de sus derechos o facultades bajo esta Cl\u00e1usula, tal ejercicio no perjudicar\u00e1 ni afectar\u00e1 el ejercicio de cualquier otro derecho, facultad o recurso que pueda estar a disposici\u00f3n de el PRESTADOR.<\/p><ol start=\"12\"><li><strong> LEY APLICABLE Y JURISDICCI\u00d3N<\/strong><\/li><\/ol><p>Estas condiciones se regir\u00e1n o interpretar\u00e1n conforme a la legislaci\u00f3n andorrana en aquello que no est\u00e9 expresamente establecido. El PRESTADOR y el USUARIO acuerdan someter a los juzgados y tribunales del domicilio del PRESTADOR cualquier controversia que pudiera suscitarse de la prestaci\u00f3n de los productos o servicios objeto de estas Condiciones.<\/p><p>\u00a0<\/p>\t\t\t\t\t\t\t\t<\/div>\n\t\t\t\t<\/div>\n\t\t\t\t\t<\/div>\n\t\t<\/div>\n\t\t\t\t\t<\/div>\n\t\t<\/section>\n\t\t\t\t<\/div>","protected":false},"excerpt":{"rendered":"<p>CONDICIONES GENERALES DE CONTRATACI\u00d3N Introducci\u00f3n Este documento contractual regir\u00e1 las Condiciones Generales de contrataci\u00f3n del curso de formaci\u00f3n para instructores y Afiliaci\u00f3n Comboxing (en adelante, \u00abCondiciones\u00bb) a trav\u00e9s del sitio web www.comboxing.com, propiedad de \u00c0MBIT ESPORT, SLU bajo la marca comercial de COMBOXING, en adelante, PRESTADOR, cuyos datos de contacto figuran tambi\u00e9n en el Aviso [&hellip;]<\/p>\n","protected":false},"author":1,"featured_media":0,"parent":0,"menu_order":0,"comment_status":"closed","ping_status":"closed","template":"","meta":{"_acf_changed":false,"footnotes":""},"class_list":["post-8464","page","type-page","status-publish","hentry","entry","owp-thumbs-layout-horizontal","owp-btn-normal","owp-tabs-layout-section","has-no-thumbnails"],"acf":[],"featured_image_url":[],"post_author":"Manuel Gim\u00e9nez Mesas","assigned_categories":"","_links":{"self":[{"href":"https:\/\/academy.comboxing.com\/en\/wp-json\/wp\/v2\/pages\/8464","targetHints":{"allow":["GET"]}}],"collection":[{"href":"https:\/\/academy.comboxing.com\/en\/wp-json\/wp\/v2\/pages"}],"about":[{"href":"https:\/\/academy.comboxing.com\/en\/wp-json\/wp\/v2\/types\/page"}],"author":[{"embeddable":true,"href":"https:\/\/academy.comboxing.com\/en\/wp-json\/wp\/v2\/users\/1"}],"replies":[{"embeddable":true,"href":"https:\/\/academy.comboxing.com\/en\/wp-json\/wp\/v2\/comments?post=8464"}],"version-history":[{"count":4,"href":"https:\/\/academy.comboxing.com\/en\/wp-json\/wp\/v2\/pages\/8464\/revisions"}],"predecessor-version":[{"id":8468,"href":"https:\/\/academy.comboxing.com\/en\/wp-json\/wp\/v2\/pages\/8464\/revisions\/8468"}],"wp:attachment":[{"href":"https:\/\/academy.comboxing.com\/en\/wp-json\/wp\/v2\/media?parent=8464"}],"curies":[{"name":"wp","href":"https:\/\/api.w.org\/{rel}","templated":true}]}}