{"id":8459,"date":"2025-05-22T18:56:35","date_gmt":"2025-05-22T16:56:35","guid":{"rendered":"https:\/\/academy.comboxing.com\/?page_id=8459"},"modified":"2025-05-22T19:09:46","modified_gmt":"2025-05-22T17:09:46","slug":"aviso-legal","status":"publish","type":"page","link":"https:\/\/academy.comboxing.com\/en\/aviso-legal\/","title":{"rendered":"AVISO LEGAL"},"content":{"rendered":"<div data-elementor-type=\"wp-page\" data-elementor-id=\"8459\" class=\"elementor elementor-8459\">\n\t\t\t\t\t\t<section class=\"elementor-section elementor-top-section elementor-element elementor-element-169886b elementor-section-boxed elementor-section-height-default elementor-section-height-default\" data-id=\"169886b\" data-element_type=\"section\" data-e-type=\"section\">\n\t\t\t\t\t\t<div class=\"elementor-container elementor-column-gap-default\">\n\t\t\t\t\t<div class=\"elementor-column elementor-col-100 elementor-top-column elementor-element elementor-element-3955517\" data-id=\"3955517\" data-element_type=\"column\" data-e-type=\"column\">\n\t\t\t<div class=\"elementor-widget-wrap elementor-element-populated\">\n\t\t\t\t\t\t<div class=\"elementor-element elementor-element-6199617 elementor-widget elementor-widget-text-editor\" data-id=\"6199617\" data-element_type=\"widget\" data-e-type=\"widget\" data-widget_type=\"text-editor.default\">\n\t\t\t\t<div class=\"elementor-widget-container\">\n\t\t\t\t\t\t\t\t\t<p><strong>Datos identificativos<\/strong><\/p><p>\u00c0MBIT ESPORT, SLU es titular y encargada de la explotaci\u00f3n, de la gesti\u00f3n y funcionamiento de la p\u00e1gina web: comboxing.com\/, siendo los datos identificativos los siguientes:<\/p><ul><li>Identidad: \u00c0MBIT ESPORT, SLU \u2013 en adelante la entidad -.<\/li><li>NRT: L718610C<\/li><li>Direcci\u00f3n: Carrer de Catalunya, 19 &#8211; 2D AD200 El Pas de la Casa (Encamp) Principat d&#8217;Andorra<\/li><li>Correo electr\u00f3nico: ambitesport@gmail.com<\/li><li>Valorada en el Registro Mercantil del Gobierno de Andorra:<\/li><\/ul><p><strong>Objeto<\/strong><\/p><p>El objeto de la Web es poner a disposici\u00f3n de las personas usuarias la informaci\u00f3n relativa a las actividades que se realiza la entidad, as\u00ed como mantener informados sobre las novedades y noticias sobre nuestros productos o servicios. El acceso a la WEB es gratuito y su visualizaci\u00f3n no requiere ning\u00fan registro ni suscripci\u00f3n previa.<\/p><p>El uso de la Web implica la expresa y plena aceptaci\u00f3n de estas condiciones generales y de todas y cada una de las disposiciones incluidas en este Aviso Legal en la versi\u00f3n publicada en el momento en que el usuario accede a este aviso. En consecuencia, se recomienda que la persona usuaria lea este aviso legal cada vez que acceda a la Web, dado que se pueden producir modificaciones en las condiciones generales, sin perjuicio de las condiciones particulares que se puedan aplicar a determinados servicios concretos de la Web.<\/p><p>El prestador se reserva el derecho a modificar cualquier tipo de informaci\u00f3n y textos legales del sitio web, sin que exista obligaci\u00f3n de preaviso o puesta en conocimiento de las personas usuarias, entendiendo estas obligaciones como suficientes con la publicaci\u00f3n del sitio web del prestador.<\/p><p><strong>Utilizaci\u00f3n de la p\u00e1gina web<\/strong><\/p><p>La persona usuaria se compromete a hacer un uso diligente de la web, as\u00ed como de la informaci\u00f3n relativa a sus servicios y actividades, dado que es el responsable del cumplimiento de las leyes y reglamentos en vigor y de las reglas aplicables al uso que se realice de los productos y aplicaciones.<\/p><p>No se permite el uso de la Web contrario a la buena fe, en particular y de manera no exhaustiva: la utilizaci\u00f3n contraria a la normativa andorrana o que infrinja los derechos de terceros; la publicaci\u00f3n o transmisi\u00f3n de cualquier contenido que resulte violento, obsceno, abusivo, ilegal, racial, xen\u00f3fobo o difamatorio; alterar o intervenir por medios fraudulentos p\u00e1ginas web personales o correos electr\u00f3nicos, o sistemas de otras personas usuarias o terceros sin su autorizaci\u00f3n; los cracks, n\u00fameros de serie de programas o cualquier otro contenido que vulnere los derechos de la propiedad intelectual de terceros; la recogida y\/o la utilizaci\u00f3n de datos personales de otros usuarios sin su consentimiento expreso o que contravenga las disposiciones de la Ley Calificada 29\/2021 de protecci\u00f3n de datos personales; la utilizaci\u00f3n del servidor de correo, el dominio y las direcciones de correo electr\u00f3nico con fines de correo no deseado, bombardeo de correo, suplantaci\u00f3n de identidad, fraude bajo custodia de terceros, Scam 419, pharming, difusi\u00f3n de virus (troyanos, etc.) o cualquier otro tipo de actividad llevada a cabo con \u00e1nimo fraudulento o delictivo.<\/p><p>Queda expresamente prohibido acceder, modificar, visualizar la configuraci\u00f3n, la estructura y los archivos de los servidores de la Web. Ante cualquier problema que se pueda producir en los servidores y sistemas de seguridad de la Web como consecuencia directa de una actuaci\u00f3n negligente de la persona usuaria, \u00e9ste responder\u00e1 por la responsabilidad civil y penal que corresponda. La persona usuaria respetar\u00e1 los est\u00e1ndares t\u00e9cnicos dispuestos por la Web en la administraci\u00f3n y desarrollo de los productos utilizados de manera que no se produzca un uso abusivo que retrase los servidores y perjudique la prestaci\u00f3n de los productos o derechos de otras personas usuarias.<\/p><p>Adem\u00e1s, adquiere el compromiso de abstenci\u00f3n a utilizar cualquiera de los contenidos con fines o efectos il\u00edcitos, prohibidos en el presente texto, lesivo de los derechos e intereses de terceros, o que de cualquier otra forma puedan ocasionar da\u00f1os, inutilizar, sobrecargar, deteriorar o incluso, no permitir el uso de los contenidos a otros usuarios o de cualquier otro usuario de internet (Hardware y Software).<\/p><p><strong>Limitaci\u00f3n de la responsabilidad<\/strong><\/p><p>La entidad, se exime de cualquier clase de responsabilidad y la producci\u00f3n de los da\u00f1os y perjuicios producidos o que se puedan producir, de ninguna naturaleza, que se deriven del uso de la informaci\u00f3n, del contenido de la Web y de los programas que incorpora, y que puedan ocasionar, a t\u00edtulo enunciativo y no limitativo: errores u omisiones en los contenidos, falta de disponibilidad de la Web o la transmisi\u00f3n de virus o programas maliciosos o lesivos en los contenidos, a pesar de haber adoptado todas las medidas tecnol\u00f3gicas necesarias para evitarlo.<\/p><p>La informaci\u00f3n contenida en la p\u00e1gina Web es la vigente en la fecha de la \u00faltima actualizaci\u00f3n, y la entidad no garantiza la ausencia de errores en el acceso a la Web ni en el contenido, pero adoptar\u00e1 las medidas pertinentes para evitarlos, corregirlos y\/o actualizarlos tan pronto como se detecten.<\/p><p>La entidad se reserva el derecho de modificar y actualizar la informaci\u00f3n de la Web, la presentaci\u00f3n y configuraci\u00f3n y las condiciones de acceso sin necesidad de previo aviso y en cualquier momento. Asimismo, la entidad se reserva el derecho de modificar y\/o omitir total o parcialmente los contenidos de la Web restringir su acceso. En caso de que se tengan que hacer operaciones de mantenimiento, reparaci\u00f3n, actualizaci\u00f3n o mejora de los servicios, la entidad se reserva el derecho de suspender temporalmente y sin necesidad de previo aviso el acceso a la Web, as\u00ed como el derecho de prestaci\u00f3n o cancelaci\u00f3n de los servicios, sin perjuicio de procurar ponerlo en conocimiento de los usuarios, siempre que las circunstancias lo permitan.<\/p><p><strong>Seguridad en las comunicaciones electr\u00f3nicas<\/strong><\/p><p>La entidad aplica las medidas t\u00e9cnicas y de gesti\u00f3n adecuadas para garantizar la seguridad de las comunicaciones y las transacciones que se produzcan, mediante el portal web, seg\u00fan el estado de la tecnolog\u00eda y de acuerdo con la tipolog\u00eda de las transacciones y los servicios que se ponen a disposici\u00f3n de los usuarios.<\/p><p><strong>Pol\u00edtica en materia de \u00abLinks\u00bb (web enlazante y enlazada)<\/strong><\/p><p><strong>Web enlazada<\/strong><\/p><p>Desde el sitio web del cliente, es posible que se redirija a contenidos de sitio web de terceros. Dado que el prestador no puede controlar siempre los contenidos introducidos por terceros en sus sitios web, \u00e9ste no asume ning\u00fan tipo de responsabilidad respecto a estos contenidos. En todo caso, el prestador manifiesta que proceder\u00e1 a la retirada inmediata de cualquier contenido que pudiera contravenir la legislaci\u00f3n nacional o internacional, la moral o el orden p\u00fablico, procediendo a la retirada inmediata de la redirecci\u00f3n a la web, poniendo en conocimiento de las autoridades competentes el contenido en cuesti\u00f3n.<\/p><p>La inclusi\u00f3n de los enlaces a portales de terceros no implica en ning\u00fan caso una vinculaci\u00f3n entre la entidad y los titulares de los portales enlazados. La entidad no asume ninguna clase de responsabilidad directa o indirecta en relaci\u00f3n con la licitud, veracidad, utilidad, calidad o fiabilidad de los servicios y contenidos propiedad de terceros, o que \u00e9stos gestionen o controlen, aunque se pueda acceder a ellos a trav\u00e9s de la Web.<\/p><p>A todos los efectos legales, se entiende que cualquier relaci\u00f3n contractual o extracontractual que el usuario lleve a cabo con terceros contactados mediante la Web se realiza \u00fanica y exclusivamente entre el usuario y los terceros.<\/p><p>La persona usuaria acepta que la entidad no tenga ninguna responsabilidad sobre los da\u00f1os o perjuicios de cualquier naturaleza ocasionados con motivo de las negociaciones, conversaciones o relaciones contractuales o extracontractuales entre la persona usuaria y terceros contactados por medio de la Web.<\/p><p>La persona usuaria deber\u00e1 tomar conocimiento de las indicaciones, de los avisos o de las advertencias legales que los portales de terceros puedan establecer para su uso.<\/p><p><strong>Web enlazante<\/strong><\/p><p>Los terceros que tengan la intenci\u00f3n de incluir en una p\u00e1gina web un enlace de la presente p\u00e1gina web, habr\u00e1 que cumplir con la legislaci\u00f3n vigente y no podr\u00e1 alojar contenidos que sean inapropiados, il\u00edcitos, pornogr\u00e1ficos, violentos, etc.<\/p><p>En ning\u00fan caso la entidad se hace responsable del contenido de la P\u00e1gina Web, ni promueve, garantiza, supervisa ni recomienda los contenidos de la misma.<\/p><p>Si la Web enlazante incumple alguno de los aspectos anteriores, estar\u00e1 obligado a suprimir el enlace de manera inmediata.<\/p><p><strong>Protecci\u00f3n y tratamiento de los datos personales y Cookies<\/strong><\/p><p>En cumplimiento de lo que requiere la Ley 29\/2021, de 28 de octubre, Calificada de Protecci\u00f3n de Datos Personales, y con los reglamentos que la desarrollan, se informa a los usuarios de este sitio web que cualquier dato personal facilitado a la entidad ser\u00e1 tratado con las finalidades y condiciones definidas en su Registro de Actividades del Tratamiento.<\/p><p>De acuerdo con la normativa vigente, la entidad informa de que dispone de los derechos de acceso, rectificaci\u00f3n, supresi\u00f3n, oposici\u00f3n, portabilidad y limitaci\u00f3n de tratamiento reconocidos en dicha normativa.<\/p><p>Para m\u00e1s informaci\u00f3n sobre c\u00f3mo trataremos los datos personales consulte el siguiente enlace. <span style=\"color: #ff0000;\"><em><a style=\"color: #ff0000;\" href=\"https:\/\/academy.comboxing.com\/en\/politica-de-privacidad\/\">https:\/\/academy.comboxing.com\/politica-de-privacidad\/<\/a><\/em><\/span><\/p><p>Le informamos que esta p\u00e1gina web recoge cookies. Encontrar\u00e9is una explicaci\u00f3n exhaustiva en el siguiente enlace. <span style=\"color: #ff0000;\"><em><a style=\"color: #ff0000;\" href=\"https:\/\/academy.comboxing.com\/en\/politica-de-cookies\/\">https:\/\/academy.comboxing.com\/politica-de-cookies\/<\/a><\/em><\/span><\/p><p><strong>Propiedad Intelectual e industrial<\/strong><\/p><p>Todos los elementos que aparecen en la Web de la entidad, sin limitaci\u00f3n (fotograf\u00edas, m\u00fasica, sonidos, animaciones, software, textos, nombre de dominio, marcas, informaci\u00f3n y contenido recopilado de toda la web, etc ) , as\u00ed como la estructura, el dise\u00f1o gr\u00e1fico y el c\u00f3digo fuente son propiedad de la entidad, o en su caso, de terceros que le han cedido los correspondientes derechos de uso, y que el usuario de este sitio web debe respetar, y que por tanto est\u00e1n protegidos por la normativa de propiedad intelectual. No se podr\u00e1n realizar actos totales o parciales de reproducci\u00f3n, publicaci\u00f3n, tratamiento inform\u00e1tico, distribuci\u00f3n, difusi\u00f3n, transformaci\u00f3n, compilaci\u00f3n, modificaci\u00f3n, distribuci\u00f3n o comunicaci\u00f3n p\u00fablica de la WEB sin el consentimiento previo y por escrito de la entidad. Todos los contenidos de la web se encuentran debidamente protegidos por la normativa de propiedad intelectual e industrial, as\u00ed como debidamente inscritos en los registros p\u00fablicos correspondientes.<\/p><p>El acceso por parte del usuario a los contenidos y servicios de la entidad no implica ning\u00fan derecho en cuanto a la transmisi\u00f3n, cesi\u00f3n, utilizaci\u00f3n, alteraci\u00f3n, explotaci\u00f3n, reproducci\u00f3n, distribuci\u00f3n o comunicaci\u00f3n p\u00fablica, objeto de propiedad intelectual, sin la previa y expresa autorizaci\u00f3n espec\u00edficamente otorgada al efecto por parte de la entidad o del tercer titular de los derechos, en su caso. Los usuarios de la entidad s\u00f3lo podr\u00e1n realizar un uso privado y personal de los contenidos, es decir, s\u00f3lo tendr\u00e1n derecho a visualizar y realizar copias de los contenidos para su uso personal y exclusivo y deber\u00e1n aplicar estos derechos en base a los principios de buena fe y la normativa aplicable.<\/p><p>Queda absolutamente prohibido el uso de la Web, o de cualquiera de sus elementos con fines comerciales o il\u00edcitos. La utilizaci\u00f3n no autorizada de la informaci\u00f3n contenida en este Portal, as\u00ed como los perjuicios ocasionados en los derechos de propiedad intelectual, pueden dar lugar al ejercicio de las acciones legales pertinentes y, en su caso, a las responsabilidades derivadas de este ejercicio.<\/p><p>Para realizar cualquier tipo de observaci\u00f3n respecto a posibles incumplimientos de los derechos de propiedad o industrial, as\u00ed como sobre cualquier tipo de contenido del sitio web, puede realizarse a trav\u00e9s del siguiente correo electr\u00f3nico: <a href=\"mailto:ambitesport@gmail.com\">ambitesport@gmail.com<\/a>.<\/p><p><strong>Compromisos de la entidad<\/strong><\/p><p>La entidad, se compromete a no realizar publicidad enga\u00f1osa. En este sentido, no se considerar\u00e1 publicidad enga\u00f1osa los errores formales o num\u00e9ricos que se puedan encontrar en el contenido de las diferentes secciones de la Web debido al mantenimiento y\/o de la actualizaci\u00f3n incompleta o defectuosa de la informaci\u00f3n contenida en estas secciones, a consecuencia de que se ha mencionado en este apartado, la entidad se compromete a corregir esta situaci\u00f3n tan pronto como tenga constancia de dichos errores.<\/p><p><strong>Ley aplicable y jurisdicci\u00f3n<\/strong><\/p><p>Para la resoluci\u00f3n de todas las controversias o cuestiones relacionadas con el presente sitio Web o de las actividades que en \u00e9l se desarrollen, ser\u00e1 de aplicaci\u00f3n la legislaci\u00f3n andorrana, a la que se someten expresamente las partes y renuncian a cualquier otra jurisdicci\u00f3n que de conformidad con la ley que pueda corresponderles. Por tanto, ser\u00e1n competentes para la resoluci\u00f3n de posibles conflictos derivados o relacionados con su uso siendo competentes para la resoluci\u00f3n de todos los conflictos derivados o relacionados con su uso, los Juzgados y Tribunales de Andorra.<\/p>\t\t\t\t\t\t\t\t<\/div>\n\t\t\t\t<\/div>\n\t\t\t\t\t<\/div>\n\t\t<\/div>\n\t\t\t\t\t<\/div>\n\t\t<\/section>\n\t\t\t\t<\/div>","protected":false},"excerpt":{"rendered":"<p>Datos identificativos \u00c0MBIT ESPORT, SLU es titular y encargada de la explotaci\u00f3n, de la gesti\u00f3n y funcionamiento de la p\u00e1gina web: comboxing.com\/, siendo los datos identificativos los siguientes: Identidad: \u00c0MBIT ESPORT, SLU \u2013 en adelante la entidad -. NRT: L718610C Direcci\u00f3n: Carrer de Catalunya, 19 &#8211; 2D AD200 El Pas de la Casa (Encamp) Principat [&hellip;]<\/p>\n","protected":false},"author":1,"featured_media":0,"parent":0,"menu_order":0,"comment_status":"closed","ping_status":"closed","template":"","meta":{"_acf_changed":false,"footnotes":""},"class_list":["post-8459","page","type-page","status-publish","hentry","entry","owp-thumbs-layout-horizontal","owp-btn-normal","owp-tabs-layout-section","has-no-thumbnails"],"acf":[],"featured_image_url":[],"post_author":"Manuel Gim\u00e9nez Mesas","assigned_categories":"","_links":{"self":[{"href":"https:\/\/academy.comboxing.com\/en\/wp-json\/wp\/v2\/pages\/8459","targetHints":{"allow":["GET"]}}],"collection":[{"href":"https:\/\/academy.comboxing.com\/en\/wp-json\/wp\/v2\/pages"}],"about":[{"href":"https:\/\/academy.comboxing.com\/en\/wp-json\/wp\/v2\/types\/page"}],"author":[{"embeddable":true,"href":"https:\/\/academy.comboxing.com\/en\/wp-json\/wp\/v2\/users\/1"}],"replies":[{"embeddable":true,"href":"https:\/\/academy.comboxing.com\/en\/wp-json\/wp\/v2\/comments?post=8459"}],"version-history":[{"count":7,"href":"https:\/\/academy.comboxing.com\/en\/wp-json\/wp\/v2\/pages\/8459\/revisions"}],"predecessor-version":[{"id":8471,"href":"https:\/\/academy.comboxing.com\/en\/wp-json\/wp\/v2\/pages\/8459\/revisions\/8471"}],"wp:attachment":[{"href":"https:\/\/academy.comboxing.com\/en\/wp-json\/wp\/v2\/media?parent=8459"}],"curies":[{"name":"wp","href":"https:\/\/api.w.org\/{rel}","templated":true}]}}