{"id":8449,"date":"2025-05-22T18:36:04","date_gmt":"2025-05-22T16:36:04","guid":{"rendered":"https:\/\/academy.comboxing.com\/?page_id=8449"},"modified":"2025-05-22T19:12:26","modified_gmt":"2025-05-22T17:12:26","slug":"politica-de-privacidad","status":"publish","type":"page","link":"https:\/\/academy.comboxing.com\/en\/politica-de-privacidad\/","title":{"rendered":"POL\u00cdTICA DE PRIVACIDAD"},"content":{"rendered":"<div data-elementor-type=\"wp-page\" data-elementor-id=\"8449\" class=\"elementor elementor-8449\">\n\t\t\t\t\t\t<section class=\"elementor-section elementor-top-section elementor-element elementor-element-d4757da elementor-section-boxed elementor-section-height-default elementor-section-height-default\" data-id=\"d4757da\" data-element_type=\"section\" data-e-type=\"section\">\n\t\t\t\t\t\t<div class=\"elementor-container elementor-column-gap-default\">\n\t\t\t\t\t<div class=\"elementor-column elementor-col-100 elementor-top-column elementor-element elementor-element-be959ad\" data-id=\"be959ad\" data-element_type=\"column\" data-e-type=\"column\">\n\t\t\t<div class=\"elementor-widget-wrap elementor-element-populated\">\n\t\t\t\t\t\t<div class=\"elementor-element elementor-element-ea64eb5 elementor-widget elementor-widget-text-editor\" data-id=\"ea64eb5\" data-element_type=\"widget\" data-e-type=\"widget\" data-widget_type=\"text-editor.default\">\n\t\t\t\t<div class=\"elementor-widget-container\">\n\t\t\t\t\t\t\t\t\t<p><span style=\"color: #000000;\"><strong>Introducci\u00f3n<\/strong><\/span><\/p><p><span style=\"color: #000000;\">\u00c0MBIT ESPORT, SLU se compromete a proteger la privacidad de las personas usuarias y desarrollar la tecnolog\u00eda que os proporciona la experiencia m\u00e1s segura en la p\u00e1gina web. Esta declaraci\u00f3n de privacidad es v\u00e1lida para la p\u00e1gina web comboxing.com\/.<\/span><\/p><p><span style=\"color: #000000;\">Nuestra Pol\u00edtica de Privacidad se ha dise\u00f1ado de acuerdo con el marco legal establecido en la Ley 29\/2021, de 28 de octubre, calificada de Protecci\u00f3n de Datos Personales (en adelante, \u00abLQDP\u00bb), y con los reglamentos que la desarrollan y est\u00e1 sujeta a eventuales cambios de acuerdo con la legislaci\u00f3n aplicable en cada momento o de interpretaci\u00f3n de la Agencia Andorrana de Protecci\u00f3n de Datos (APDA).<\/span><\/p><p><span style=\"color: #000000;\">Al facilitarnos sus datos, la persona usuaria declara haber le\u00eddo y ser conocedor de la presente Pol\u00edtica de Privacidad, prestando su consentimiento inequ\u00edvoco y expreso al tratamiento de sus datos personales de acuerdo con las finalidades y t\u00e9rminos aqu\u00ed expresados.<\/span><\/p><p><span style=\"color: #000000;\"><strong>\u00bfQui\u00e9n es el Responsable de los datos?<\/strong><\/span><\/p><ul><li><span style=\"color: #000000;\">Identidad: \u00c0MBIT ESPORT, SLU &#8211; en adelante la entidad-.<\/span><\/li><li><span style=\"color: #000000;\">NRT: L718610C<\/span><\/li><li><span style=\"color: #000000;\">Direcci\u00f3n: Carrer de Catalunya, 19 &#8211; 2 D AD200 El Pas de la Casa (Encamp) Principat d&#8217;Andorra<\/span><\/li><li><span style=\"color: #000000;\">Correo electr\u00f3nico: <a style=\"color: #000000;\" href=\"mailto:ambitesport@gmail.com\">ambitesport@gmail.com<\/a><\/span><\/li><li><span style=\"color: #000000;\">Valorada en el Registro de Sociedades del Principado de Andorra:<\/span><\/li><\/ul><p><span style=\"color: #000000;\"><strong>\u00bfQu\u00e9 datos tratamos, por qu\u00e9 finalidad y durante cu\u00e1ndo tiempo?<\/strong><\/span><\/p><table width=\"100%\"><tbody><tr><td><p><span style=\"color: #000000;\"><strong>TRATAMIENTO DE DATOS<\/strong><\/span><\/p><\/td><td><p><span style=\"color: #000000;\"><strong>FINALIDAD Y LEGITIMACI\u00d3N<\/strong><\/span><\/p><\/td><td><p><span style=\"color: #000000;\"><strong>PERIODO DE CONSENVACI\u00d3N<\/strong><\/span><\/p><\/td><\/tr><tr><td><p><span style=\"color: #000000;\"><strong>Formulario de contacto<\/strong><\/span><\/p><\/td><td><p><span style=\"color: #000000;\">Dar respuesta a solicitudes y\/o consultas realizadas por las personas usuarias, siendo la legitimaci\u00f3n del tratamiento el consentimiento expreso de acuerdo con el art\u00edculo 6.1.a) de la LQPD.<\/span><\/p><\/td><td><p><span style=\"color: #000000;\">Los datos se conservar\u00e1n hasta haber resuelto la solicitud. En todo caso, se podr\u00e1n conservar para determinar las posibles responsabilidades que se pudieran derivar de esta finalidad.<\/span><\/p><\/td><\/tr><tr><td><p><span style=\"color: #000000;\"><strong>Env\u00edo de comunicaciones informativas<\/strong><\/span><\/p><\/td><td><p><span style=\"color: #000000;\">Suscripci\u00f3n a novedades, promociones y ofertas de la entidad, siendo la legitimaci\u00f3n del tratamiento el consentimiento expreso de acuerdo con el art. 6.1.a) de la LQPD<\/span><\/p><\/td><td><p><span style=\"color: #000000;\">Los datos se conservar\u00e1n mientras dure la suscripci\u00f3n al env\u00edo de comunicaciones el interesado ejercicio el derecho de oposici\u00f3n o supresi\u00f3n de los datos. En todo caso, se podr\u00e1n conservar para determinar las posibles responsabilidades que pudieran derivarse de esta finalidad.<\/span><\/p><\/td><\/tr><tr><td><p><span style=\"color: #000000;\"><strong>Gesti\u00f3n del correo electr\u00f3nico<\/strong><\/span><\/p><\/td><td><p><span style=\"color: #000000;\">Las finalidades del tratamiento de datos son dar respuesta a consultas recibidas, as\u00ed como la gesti\u00f3n de la relaci\u00f3n comercial y\/o profesional, siendo la base jur\u00eddica relaci\u00f3n contractual entre el Responsable del Tratamiento y el interesado, de acuerdo con el art\u00edculo 6.1.b) de la LQPD.<\/span><\/p><\/td><td><p><span style=\"color: #000000;\">Los datos recabados ser\u00e1n conservados durante el tiempo estrictamente necesario para cumplir con la finalidad por la que fueron recabados, y en todo caso para determinar las posibles responsabilidades que pudieran derivarse de esta finalidad, teniendo en cuenta los periodos establecidos en la normativa correspondiente.<\/span><\/p><\/td><\/tr><tr><td><p><span style=\"color: #000000;\"><strong>Gesti\u00f3n de matriculaci\u00f3n y afiliaci\u00f3n<\/strong><\/span><\/p><\/td><td><p><span style=\"color: #000000;\">Gesti\u00f3n de los expedientes de los alumnos y expedici\u00f3n de t\u00edtulo, as\u00ed como la gesti\u00f3n de la posible afiliaci\u00f3n tras finalizar el curso, siendo la base jur\u00eddica relaci\u00f3n contractual entre el Responsable del Tratamiento y el interesado, de acuerdo con el art\u00edculo 6.1.b) de la LQPD.<\/span><\/p><\/td><td><p><span style=\"color: #000000;\">Los datos recabados ser\u00e1n conservados durante el tiempo estrictamente necesario para cumplir con la finalidad por la que fueron recabados, y en todo caso para determinar las posibles responsabilidades que pudieran derivarse de esta finalidad, teniendo en cuenta los periodos establecidos en la normativa correspondiente.<\/span><\/p><\/td><\/tr><\/tbody><\/table><p><span style=\"color: #000000;\"><strong>\u00bfQu\u00e9 datos se ceder\u00e1n?<\/strong><\/span><\/p><p><span style=\"color: #000000;\">No se prev\u00e9n cesiones de sus datos, a excepci\u00f3n de los autorizados por la legislaci\u00f3n fiscal, mercantil y de telecomunicaciones, as\u00ed como en aquellos casos en que una autoridad judicial nos lo requiera.<\/span><\/p><p><span style=\"color: #000000;\"><strong>Transferencias internacionales<\/strong><\/span><\/p><p><span style=\"color: #000000;\">La entidad no realiza Transferencias Internacionales a un destinatario que se encuentre en un pa\u00eds o en una organizaci\u00f3n internacional que no re\u00fana las condiciones establecidas por la normativa actual en protecci\u00f3n de datos.<\/span><\/p><p><span style=\"color: #000000;\"><strong>\u00bfQu\u00e9 cookies tratamos?<\/strong><\/span><\/p><p><span style=\"color: #000000;\">La entidad, utiliza cookies para las personas usuarias de la web principalmente respondiendo a las siguientes finalidades:<\/span><\/p><ul><li><span style=\"color: #000000;\">Asegurar el funcionamiento correcto del sitio web de la empresa.<\/span><\/li><li><span style=\"color: #000000;\">Analizar el tr\u00e1fico de manera anonimizada.<\/span><\/li><li><span style=\"color: #000000;\">Recoger informaci\u00f3n estad\u00edstica, con el objeto de mejorar la experiencia en el sitio web.<\/span><\/li><\/ul><p><span style=\"color: #000000;\">Puede consular de manera detallada las cookies que tratamos a trav\u00e9s de nuestra Pol\u00edtica de Cookies.<\/span><\/p><p><span style=\"color: #000000;\"><strong>\u00bfQu\u00e9 derechos tienes como persona usuaria y c\u00f3mo puedes ejercerlos?<\/strong><\/span><\/p><p><span style=\"color: #000000;\">Cualquier interesado tiene derecho a obtener confirmaci\u00f3n sobre si estamos tratando datos personales que le conciernan, o no. Las personas interesadas tienen derecho a acceder a sus datos personales, as\u00ed como a solicitar la rectificaci\u00f3n de los datos inexactos o, en su caso, pedir su supresi\u00f3n cuando, entre otros motivos, los datos ya no sean necesarios para las finalidades que fueron recogidas. En determinadas circunstancias, los interesados podr\u00e1n solicitar la limitaci\u00f3n del tratamiento de sus datos, en cuyo caso \u00fanicamente los conservaremos para el ejercicio o la defensa de reclamaciones. Por motivos relacionados con su situaci\u00f3n particular, los interesados podr\u00e1n oponerse al tratamiento de sus datos. El responsable del fichero dejar\u00e1 de tratar los datos, salvo motivos leg\u00edtimos imperiosos, o el ejercicio o la defensa de posibles reclamaciones.<\/span><\/p><p><span style=\"color: #000000;\">De acuerdo con la legislaci\u00f3n vigente, la persona usuaria podr\u00e1 ejercer sus derechos al responsable del tratamiento de:<\/span><\/p><p><span style=\"color: #000000;\"><strong>Derecho de acceso<\/strong><\/span><\/p><p><span style=\"color: #000000;\">Como persona usuaria, podr\u00e1s pedirle al responsable de los datos personales que te confirme si tus datos personales son objeto de tratamiento por su parte.<\/span><\/p><p><span style=\"color: #000000;\">Adem\u00e1s, la persona usuaria podr\u00e1 solicitar a \u00c0MBIT ESPORT, SLU la informaci\u00f3n sobre la finalidad del tratamiento de tus datos personales, durante cu\u00e1nto tiempo se conservasen tus datos, qu\u00e9 derechos tienes como persona usuaria, si tus datos han sido transmitidos a un tercer pa\u00eds o a una organizaci\u00f3n internacional, de la existencia de decisiones automatizadas, de si hay elaboraci\u00f3n de perfiles en la web, entre otros.<\/span><\/p><p><span style=\"color: #000000;\"><strong>Derecho de rectificaci\u00f3n<\/strong><\/span><\/p><p><span style=\"color: #000000;\">Si los datos personales que has puesto a disposici\u00f3n \u00c0MBIT ESPORT, SLU son inexactos o est\u00e1n incompletos, tienes derecho a rectificarlos o a completarlos ante el responsable del tratamiento.<\/span><\/p><p><span style=\"color: #000000;\">Derecho a la limitaci\u00f3n del tratamiento<\/span><\/p><p><span style=\"color: #000000;\">La persona usuaria puede solicitar la limitaci\u00f3n del tratamiento de tus datos personales cuando:<\/span><\/p><ul><li><span style=\"color: #000000;\">Impugne la exactitud de tus datos personales, durante un plazo que nos permita verificar su exactitud.<\/span><\/li><li><span style=\"color: #000000;\">Si el tratamiento es il\u00edcito y te opongas a la supresi\u00f3n de tus datos personales y, en lugar de suprimirlos, solicitas que se limite su uso.<\/span><\/li><li><span style=\"color: #000000;\">Si ya no necesitamos tus datos para las finalidades del tratamiento, pero los necesitas para formular, ejercer o defender reclamaciones.<\/span><\/li><\/ul><p><span style=\"color: #000000;\"><strong>Derecho de supresi\u00f3n<\/strong><\/span><\/p><p><span style=\"color: #000000;\">Puedes solicitar al responsable del tratamiento que elimine en seguida tus datos personales y \u00e9ste estar\u00e1 obligado a eliminar estos datos de manera inmediata, cuando los datos no sean necesarios para las finalidades recabadas. Adem\u00e1s, podr\u00e1s pedir que se supriman tus datos, cuando cambies de idea sobre el consentimiento, muestres oposici\u00f3n y no existan motivos justificados para el tratamiento, se traten tus datos de manera incorrecta, deban suprimirse para cumplir con una obligaci\u00f3n legal o que tus datos sean obtenidos en relaci\u00f3n con una oferta legal.<\/span><\/p><p><span style=\"color: #000000;\"><strong>Derecho a la informaci\u00f3n<\/strong><\/span><\/p><p><span style=\"color: #000000;\">Si has ejercido tu derecho de rectificaci\u00f3n, supresi\u00f3n o limitaci\u00f3n del tratamiento frente al responsable, \u00e9ste est\u00e1 obligado a informar a todos los destinatarios a los que se les hayan comunicado tus datos personales sobre esta rectificaci\u00f3n, supresi\u00f3n o limitaci\u00f3n del tratamiento, salvo que ello resulte imposible o suponga un esfuerzo desproporcionado.<\/span><\/p><p><span style=\"color: #000000;\">Como persona usuaria tienes derecho a que el responsable te informe sobre qui\u00e9nes son estos destinatarios.<\/span><\/p><p><span style=\"color: #000000;\"><strong>Garant\u00edas de derechos digitales<\/strong><\/span><\/p><p><span style=\"color: #000000;\">Derecho de la persona usuaria a la neutralidad en internet, pudiendo acceder a internet independientemente de su condici\u00f3n personal, social, econ\u00f3mica o geogr\u00e1fica. Se garantiza a la persona usuaria un acceso universal, asequible, de calidad y no discriminatorio.<\/span><\/p><p><span style=\"color: #000000;\"><strong>Derecho a la portabilidad de datos<\/strong><\/span><\/p><p><span style=\"color: #000000;\">Tienes derecho a recibir los datos personales puestos a disposici\u00f3n de la empresa en un formato estructurado, de uso com\u00fan y de lectura mec\u00e1nica. Adem\u00e1s, tienes derecho a transmitir estos datos a otro responsable sin que el responsable lo impida.<\/span><\/p><p><span style=\"color: #000000;\"><strong>Derecho de oposici\u00f3n<\/strong><\/span><\/p><p><span style=\"color: #000000;\">Como persona usuaria tienes derecho a oponerte en cualquier momento, por razones derivadas de tu situaci\u00f3n particular, a que los datos personales puestos a disposici\u00f3n de \u00c0MBIT ESPORT, SLU sean objeto de tratamiento.<\/span><\/p><p><span style=\"color: #000000;\">El responsable del tratamiento dejar\u00e1 de tratar tus datos personales a menos que pueda demostrar motivos leg\u00edtimos convincentes para este tratamiento, que prevalezcan sobre tus intereses, derechos y libertades o que el tratamiento est\u00e9 destinado a formular, ejercer o defender reclamaciones.<\/span><\/p><p><span style=\"color: #000000;\"><strong>Derecho a revocar la declaraci\u00f3n de consentimiento relativa a la protecci\u00f3n de datos<\/strong><\/span><\/p><p><span style=\"color: #000000;\">Como persona usuaria tienes derecho a cambiar tu declaraci\u00f3n de consentimiento relativa a la protecci\u00f3n de datos en cualquier momento. Este cambio de decisi\u00f3n respecto del consentimiento no afectar\u00e1 a la legalidad del tratamiento que tuvo lugar de acuerdo con el consentimiento prestado antes de su revocaci\u00f3n.<\/span><\/p><p><span style=\"color: #000000;\"><strong>Decisiones individuales automatizadas, incluida la elaboraci\u00f3n de perfiles<\/strong><\/span><\/p><p><span style=\"color: #000000;\">Tienes derecho a no ser objeto de una decisi\u00f3n basada \u00fanicamente en el tratamiento automatizado, incluida la elaboraci\u00f3n de perfiles, que produzca efectos legales en la persona usuaria o le afecte significativamente de manera similar.<\/span><\/p><p><span style=\"color: #000000;\">Derechos a presentar una reclamaci\u00f3n ante la autoridad de control<\/span><\/p><p><span style=\"color: #000000;\">Ante cualquier vulneraci\u00f3n de sus derechos, especialmente cuando usted no haya obtenido satisfacci\u00f3n en su ejercicio, puede presentar una reclamaci\u00f3n ante la Agencia Andorrana de Protecci\u00f3n de Datos (APDA).<\/span><\/p><p><span style=\"color: #000000;\"><strong>\u00bfC\u00f3mo ejercer mis derechos?<\/strong><\/span><\/p><p><span style=\"color: #000000;\">Asimismo, la persona usuaria podr\u00e1 ejercer sus derechos mediante comunicaci\u00f3n escrita dirigida espec\u00edficamente a la persona a cargo y solicitar el formulario para el ejercicio del derecho que se ejercer\u00e1. Para presentar este formulario ser\u00e1 necesario aportar la informaci\u00f3n siguiente:<\/span><\/p><ul><li><span style=\"color: #000000;\">Nombre y apellidos de la persona usuaria y fotocopia de su DNI. En los casos en que las representaciones sean apoyadas, tambi\u00e9n ser\u00e1 necesaria la identificaci\u00f3n por los mismos medios de la persona que represente a la persona usuaria, as\u00ed como la acreditaci\u00f3n documental de la representaci\u00f3n. La fotocopia del documento de identidad puede ser sustituida por cualquier otro medio v\u00e1lido en la ley que demuestre su identidad.<\/span><\/li><li><span style=\"color: #000000;\">Solicitar por razones espec\u00edficas de la solicitud o informaci\u00f3n a la que se debe acceder.<\/span><\/li><li><span style=\"color: #000000;\">Direcci\u00f3n para fines de notificaci\u00f3n.<\/span><\/li><li><span style=\"color: #000000;\">Fecha y firma del solicitante.<\/span><\/li><li><span style=\"color: #000000;\">Cualquier documento que pruebe su solicitud.<\/span><\/li><\/ul><p><span style=\"color: #000000;\">Esta solicitud y todos los dem\u00e1s archivos adjuntos se pueden enviar a la siguiente direcci\u00f3n y\/o direcci\u00f3n de correo electr\u00f3nico: Carrer de Catalunya, 19 2 D &#8211; AD200 El Pas de la Casa (Encamp). E-mail: <a style=\"color: #000000;\" href=\"mailto:ambitesport@gmail.com\">ambitesport@gmail.com<\/a><\/span><\/p><p><span style=\"color: #000000;\">Opcionalmente, puede acudir a la Autoridad de Control competente, en el presente caso a la Agencia Andorrana de Protecci\u00f3n de Datos (APDA) para obtener informaci\u00f3n adicional sobre sus derechos.<\/span><\/p><p><span style=\"color: #000000;\"><strong>\u00bfPuedo retirar mi consentimiento?<\/strong><\/span><\/p><p><span style=\"color: #000000;\">El consentimiento dado para alguna finalidad espec\u00edfica puede ser retirado en cualquier momento, sin que ello afecte a la licitud del tratamiento basado en el consentimiento previo a la retirada. En estos supuestos, \u00c0MBIT ESPORT, SLU dejar\u00e1 de tratar los datos personales o, en su caso, dejar\u00e1 de hacerlo para esta finalidad en concreto, excepto por motivos leg\u00edtimos imperiosos, o el ejercicio o la defensa de posibles reclamaciones.<\/span><\/p><p><span style=\"color: #000000;\"><strong>\u00bfC\u00f3mo se actualizan los datos?<\/strong><\/span><\/p><p><span style=\"color: #000000;\">Toda la informaci\u00f3n proporcionada por la persona usuaria a trav\u00e9s del registro o mediante la cumplimentaci\u00f3n de los formularios en este sitio web, debe ser cierta. Asimismo, ser\u00e1 responsabilidad de la persona usuaria mantener actualizada permanentemente toda la informaci\u00f3n facilitada a \u00c0MBIT ESPORT, SLU para que responda, en todo momento, a la situaci\u00f3n real de la persona usuaria.<\/span><\/p><p><span style=\"color: #000000;\"><strong>\u00bfCu\u00e1l es nuestra confidencialidad?<\/strong><\/span><\/p><p><span style=\"color: #000000;\">\u00c0MBIT ESPORT, SLU garantiza la confidencialidad y seguridad de sus datos personales cuando se procesa en la medida en que ha implementado las pol\u00edticas de procesamiento y las medidas de seguridad a que se refiere la normativa de privacidad. Las pol\u00edticas de tratamiento y medidas de seguridad implementadas en \u00c0MBIT ESPORT, SLU evitan la alteraci\u00f3n, p\u00e9rdida, tratamiento o uso no autorizado de sus datos personales.<\/span><\/p><p><span style=\"color: #000000;\"><strong>\u00bfQu\u00e9 medidas de seguridad tenemos?<\/strong><\/span><\/p><p><span style=\"color: #000000;\">Dentro de nuestro compromiso para garantizar la seguridad y la confidencialidad de los datos del interesado de car\u00e1cter personal, le informamos que se han adoptado las medidas de \u00edndole t\u00e9cnica y organizativas necesarias para garantizar la seguridad de los datos de car\u00e1cter personal y evitar su alteraci\u00f3n, p\u00e9rdida, tratamiento o acceso no autorizado, teniendo en cuenta el estado de la tecnolog\u00eda, la naturaleza de los datos almacenados y los riesgos a los que est\u00e9n expuestos.<\/span><\/p>\t\t\t\t\t\t\t\t<\/div>\n\t\t\t\t<\/div>\n\t\t\t\t\t<\/div>\n\t\t<\/div>\n\t\t\t\t\t<\/div>\n\t\t<\/section>\n\t\t\t\t<\/div>","protected":false},"excerpt":{"rendered":"<p>Introducci\u00f3n \u00c0MBIT ESPORT, SLU se compromete a proteger la privacidad de las personas usuarias y desarrollar la tecnolog\u00eda que os proporciona la experiencia m\u00e1s segura en la p\u00e1gina web. Esta declaraci\u00f3n de privacidad es v\u00e1lida para la p\u00e1gina web comboxing.com\/. Nuestra Pol\u00edtica de Privacidad se ha dise\u00f1ado de acuerdo con el marco legal establecido en [&hellip;]<\/p>\n","protected":false},"author":1,"featured_media":0,"parent":0,"menu_order":0,"comment_status":"closed","ping_status":"closed","template":"","meta":{"_acf_changed":false,"footnotes":""},"class_list":["post-8449","page","type-page","status-publish","hentry","entry","owp-thumbs-layout-horizontal","owp-btn-normal","owp-tabs-layout-section","has-no-thumbnails"],"acf":[],"featured_image_url":[],"post_author":"Manuel Gim\u00e9nez Mesas","assigned_categories":"","_links":{"self":[{"href":"https:\/\/academy.comboxing.com\/en\/wp-json\/wp\/v2\/pages\/8449","targetHints":{"allow":["GET"]}}],"collection":[{"href":"https:\/\/academy.comboxing.com\/en\/wp-json\/wp\/v2\/pages"}],"about":[{"href":"https:\/\/academy.comboxing.com\/en\/wp-json\/wp\/v2\/types\/page"}],"author":[{"embeddable":true,"href":"https:\/\/academy.comboxing.com\/en\/wp-json\/wp\/v2\/users\/1"}],"replies":[{"embeddable":true,"href":"https:\/\/academy.comboxing.com\/en\/wp-json\/wp\/v2\/comments?post=8449"}],"version-history":[{"count":7,"href":"https:\/\/academy.comboxing.com\/en\/wp-json\/wp\/v2\/pages\/8449\/revisions"}],"predecessor-version":[{"id":8474,"href":"https:\/\/academy.comboxing.com\/en\/wp-json\/wp\/v2\/pages\/8449\/revisions\/8474"}],"wp:attachment":[{"href":"https:\/\/academy.comboxing.com\/en\/wp-json\/wp\/v2\/media?parent=8449"}],"curies":[{"name":"wp","href":"https:\/\/api.w.org\/{rel}","templated":true}]}}